{"id":44,"date":"2022-12-17T18:44:53","date_gmt":"2022-12-17T18:44:53","guid":{"rendered":"https:\/\/fevcondominios.com.br\/?page_id=44"},"modified":"2023-01-17T16:35:29","modified_gmt":"2023-01-17T15:35:29","slug":"contact-us","status":"publish","type":"page","link":"https:\/\/fevcondominios.com.br\/index.php\/contact-us\/","title":{"rendered":"Contatos"},"content":{"rendered":"<div class=\"boldgrid-section\">\r\n<div class=\"container\">\r\n<div class=\"row row-spacing-lg\">\r\n<div class=\"col-md-6 col-sm-12 col-xs-12 col-lg-6\">\r\n<h1 class=\"h2\" style=\"margin-top: 0;\"><span style=\"vertical-align: inherit;\"><span style=\"vertical-align: inherit;\">Fa\u00e7a uma cota\u00e7\u00e3o<\/span><\/span><\/h1>\r\n<div class=\"row bg-editor-hr-wrap\">\r\n<div class=\"col-md-12 col-xs-12 col-sm-12 col-lg-12\">\r\n<div><hr class=\"bg-hr color1-color bg-hr-15\" style=\"width: 50px; margin: 0px 80px 40px 0px; border-radius: 100px;\"><\/div>\r\n<\/div>\r\n<\/div>\r\n<p class=\"\">Para que possamos lhe encaminhar uma proposta personalizado para utiliza\u00e7\u00e3o de nossos servi\u00e7os nos da F&amp;V condom\u00ednios pedimos que preencha os campos.<br><br><\/p>\r\n<p class=\"\">Ou pode nos mandar um e-mail para <a href=\"mailto:contato@fevcondominios.com.br\">fevcondominios@gmail.com<\/a><br>Entraremos em contato assim que recebermos seus dados.<\/p>\r\n<p class=\"\">&nbsp;<\/p>\r\n<form class=\"\" enctype=\"multipart\/form-data\" method=\"post\" novalidate=\"novalidate\">\r\n<div><label for=\"contact-name-1\"><span style=\"vertical-align: inherit;\"><span style=\"vertical-align: inherit;\">Nome<\/span><\/span><\/label><input id=\"contact-name-1\" required=\"\" type=\"text\" placeholder=\"Nome\" aria-required=\"true\"><\/div>\r\n<div><label for=\"contact-email-1\"><span style=\"vertical-align: inherit;\"><span style=\"vertical-align: inherit;\">O email<\/span><\/span><\/label><input id=\"contact-email-1\" required=\"\" type=\"text\" placeholder=\"O email\" aria-required=\"true\"><\/div>\r\n<div><label for=\"contact-msg-1\"><span style=\"vertical-align: inherit;\"><span style=\"vertical-align: inherit;\">Mensagem<\/span><\/span><\/label><textarea id=\"contact-msg-1\" required=\"\" placeholder=\"Mensagem\" aria-required=\"true\"><\/textarea><\/div>\r\n<div><button class=\"button-primary btn btn-color-1 btn-border-color-1\" type=\"submit\"><span style=\"vertical-align: inherit;\"><span style=\"vertical-align: inherit;\">Mandar<\/span><\/span><\/button><\/div>\r\n<\/form><\/div>\r\n<div class=\"col-md-1 col-sm-12 col-xs-12 col-lg-1\"><\/div>\r\n<div class=\"col-md-5 col-sm-12 col-xs-12 col-lg-5\">\r\n<div class=\"bg-box\">\r\n<div class=\"row\">\r\n<div class=\"col-md-12 col-xs-12 col-sm-12 col-lg-12\">\r\n<div class=\"bg-img bg-img-3 bg-box bg-box-square bg-box-cover color-3-text-contrast color3-background-color\" style=\"margin-top: 2.2em; padding: 2em 3em;\">\r\n<p class=\"color1-color\" style=\"margin-bottom: .3em;\" data-font-weight=\"400\"><span style=\"vertical-align: inherit;\"><span style=\"vertical-align: inherit;\">Endere\u00e7o:<\/span><\/span><\/p>\r\n<p style=\"margin-bottom: .3em;\"><span style=\"vertical-align: inherit;\"><span style=\"vertical-align: inherit;\">Rua Jos\u00e9 moscardini N: 65&nbsp;<\/span><\/span><\/p>\r\n<p class=\"\"><span style=\"vertical-align: inherit;\"><span style=\"vertical-align: inherit;\">Cidade de Hortol\u00e2ndia, S\u00e3o Paulo<\/span><\/span><\/p>\r\n<p class=\"color1-color\" style=\"margin-top: 2.2em; margin-bottom: .3em;\" data-font-weight=\"400\"><span style=\"vertical-align: inherit;\"><span style=\"vertical-align: inherit;\">&nbsp;e-mail:<\/span><\/span><\/p>\r\n<p class=\"\"><a href=\"mailto:contato@fevcondominios.com.br\">fevcondominios@gmail.com<\/a><\/p>\r\n<p class=\"color1-color\" style=\"margin-top: 2.2em; margin-bottom: .3em;\" data-font-weight=\"400\"><span style=\"vertical-align: inherit;\"><span style=\"vertical-align: inherit;\">Telefone:<\/span><\/span><\/p>\r\n<p class=\"\">19 99259-6360<\/p>\r\n<p style=\"margin-top: 3.1em;\"><i class=\"fa bg-inserted-icon fa-facebook-square color1-color\" style=\"font-size: 22px; margin-right: 0.9em; border-width: 0px;\" aria-hidden=\"true\"><span style=\"display: none;\">&nbsp;<\/span><\/i><i class=\"fa bg-inserted-icon fa-twitter-square color1-color\" style=\"font-size: 22px; margin-right: .9em;\" aria-hidden=\"true\"><span style=\"display: none;\">&nbsp;<\/span><\/i><i class=\"fa bg-inserted-icon fa-google-plus-square color1-color\" style=\"font-size: 22px; margin-right: .9em;\" aria-hidden=\"true\"><span style=\"display: none;\">&nbsp;<\/span><\/i><i class=\"fa bg-inserted-icon fa-linkedin-square color1-color\" style=\"font-size: 22px; margin-right: 0.9em; border-width: 0px;\" aria-hidden=\"true\"><span style=\"display: none;\">&nbsp;<\/span><\/i><i class=\"fa bg-inserted-icon fa-youtube-square color1-color\" style=\"font-size: 22px; margin-right: .9em;\" aria-hidden=\"true\"><span style=\"display: none;\">&nbsp;<\/span><\/i><\/p>\r\n<\/div>\r\n<\/div>\r\n<\/div>\r\n<\/div>\r\n<\/div>\r\n<\/div>\r\n<\/div>\r\n<\/div>\r\n\r\n<div class=\"boldgrid-section\">\r\n<div class=\"container\">\r\n<div class=\"row\">\r\n<div class=\"col-lg-12 col-md-12 col-xs-12 col-sm-12\">\r\n<p class=\"\">&nbsp;<\/p>\r\n<\/div>\r\n<\/div>\r\n<\/div>\r\n<\/div>\r\n","protected":false},"excerpt":{"rendered":"<p>Fa\u00e7a uma cota\u00e7\u00e3o Para que possamos lhe encaminhar uma proposta personalizado para utiliza\u00e7\u00e3o de nossos servi\u00e7os nos da F&amp;V condom\u00ednios pedimos que preencha os campos. Ou pode nos mandar um<\/p>\n<div class=\"read-more\"><a class=\"btn button-secondary\" href=\"https:\/\/fevcondominios.com.br\/index.php\/contact-us\/\">Read More<\/a><\/div>\n","protected":false},"author":1,"featured_media":40,"parent":0,"menu_order":0,"comment_status":"closed","ping_status":"closed","template":"","meta":{"bgseo_title":"","bgseo_description":"","bgseo_robots_index":"index","bgseo_robots_follow":"follow"},"_links":{"self":[{"href":"https:\/\/fevcondominios.com.br\/index.php\/wp-json\/wp\/v2\/pages\/44"}],"collection":[{"href":"https:\/\/fevcondominios.com.br\/index.php\/wp-json\/wp\/v2\/pages"}],"about":[{"href":"https:\/\/fevcondominios.com.br\/index.php\/wp-json\/wp\/v2\/types\/page"}],"author":[{"embeddable":true,"href":"https:\/\/fevcondominios.com.br\/index.php\/wp-json\/wp\/v2\/users\/1"}],"replies":[{"embeddable":true,"href":"https:\/\/fevcondominios.com.br\/index.php\/wp-json\/wp\/v2\/comments?post=44"}],"version-history":[{"count":4,"href":"https:\/\/fevcondominios.com.br\/index.php\/wp-json\/wp\/v2\/pages\/44\/revisions"}],"predecessor-version":[{"id":75,"href":"https:\/\/fevcondominios.com.br\/index.php\/wp-json\/wp\/v2\/pages\/44\/revisions\/75"}],"wp:featuredmedia":[{"embeddable":true,"href":"https:\/\/fevcondominios.com.br\/index.php\/wp-json\/wp\/v2\/media\/40"}],"wp:attachment":[{"href":"https:\/\/fevcondominios.com.br\/index.php\/wp-json\/wp\/v2\/media?parent=44"}],"curies":[{"name":"wp","href":"https:\/\/api.w.org\/{rel}","templated":true}]}}