{"id":43,"date":"2022-12-17T18:44:53","date_gmt":"2022-12-17T18:44:53","guid":{"rendered":"https:\/\/fevcondominios.com.br\/?page_id=43"},"modified":"2023-01-27T12:03:19","modified_gmt":"2023-01-27T11:03:19","slug":"home","status":"publish","type":"page","link":"https:\/\/fevcondominios.com.br\/","title":{"rendered":"Home"},"content":{"rendered":"<div class=\"boldgrid-section\" data-image-url=\"https:\/\/fevcondominios.com.br\/wp-content\/themes\/crio\/images\/building-perspective.jpg\" style=\"color: #fff; background-position: 50% 55%; background-size: cover; background-image: url('https:\/\/fevcondominios.com.br\/wp-content\/themes\/crio\/images\/building-perspective.jpg');\">\n<div class=\"container\">\n<div class=\"row\" style=\"padding-top: 70px; padding-bottom: 140px;\">\n<div class=\"col-md-7 col-sm-12 col-xs-12 col-lg-7\">\n<h2 class=\"h1\" style=\"margin-top: 0px; color: #ffffff;\">Gest\u00e3o Empenhada Em&nbsp; Produzir Resultados&nbsp;<\/h2>\n<p class=\"\" style=\"padding-top: 2em;\"><a class=\"button-primary btn btn-color-1 btn-border-color-1 btn btn-color-1 btn-border-color-1\" href=\"#\">Saiba Mais<\/a><\/p>\n<\/div>\n<div class=\"col-md-5 col-sm-12 col-xs-12 col-lg-5\"><\/div>\n<\/div>\n<\/div>\n<\/div>\n<div class=\"boldgrid-section\">\n<div class=\"container\">\n<div class=\"row row-spacing-lg\">\n<div class=\"col-md-6 col-sm-7 col-xs-12 col-lg-6\">\n<h2 class=\"\" style=\"margin-top: 0;\"><strong>A import\u00e2ncia do s\u00edndico<\/strong><\/h2>\n<div class=\"row bg-editor-hr-wrap\">\n<div class=\"col-md-12 col-xs-12 col-sm-12 col-lg-12\">\n<div>\n<hr class=\"bg-hr color1-color bg-hr-15\" style=\"width: 50px; margin: 0px 80px 40px 0px; border-radius: 100px;\">\n<\/div>\n<\/div>\n<\/div>\n<p class=\"\">N\u00f3s sabemos que o papel do s\u00edndico \u00e9 muito, muito importante e nem sempre t\u00e3o valorizado. Por isso trabalhamos apoiando o seu plano de trabalho e orientando sobre as mais inovadoras pr\u00e1ticas de mercado em nosso setor. Pesquisamos as melhores solu\u00e7\u00f5es de ilumina\u00e7\u00e3o, de economia no consumo de \u00e1gua, na otimiza\u00e7\u00e3o na utiliza\u00e7\u00e3o dos recursos naturais. Procuramos entender e criar mecanismos para que o conv\u00edvio das pessoas que compartilham os espa\u00e7os seja saud\u00e1vel. Procuramos criar alternativas para que as afinidades apare\u00e7am e para que as diferen\u00e7as sejam respeitadas. \u00c9 para isso que sempre procuramos aperfei\u00e7oar nossos caminhos digitais e investir cada vez mais na forma\u00e7\u00e3o da nossa equipe. Sabemos que s\u00f3 poderemos multiplicar a nossa filosofia se estivermos perto dos clientes e atentos a cada nova necessidade do morar em condom\u00ednios.<\/p>\n<p class=\"\">&nbsp;<\/p>\n<p class=\"\" style=\"margin-bottom: 2em;\"><a class=\"button-primary btn btn-color-1 btn-border-color-1 btn btn-color-1 btn-border-color-1\" href=\"#\">Nossa Historia<\/a> <a class=\"button-secondary btn btn-color-2 btn-border-color-1 btn btn-color-2 btn-border-color-1\" href=\"#\">Fa\u00e7a uma cota\u00e7\u00e3o<\/a><\/p>\n<\/div>\n<div class=\"col-md-1 col-sm-1 col-xs-12 col-lg-1\"><\/div>\n<div class=\"col-md-5 col-sm-4 col-xs-12 align-column-center col-lg-5\">\n<p class=\"text-center\"><img decoding=\"async\" loading=\"lazy\" class=\"bg-img bg-img-3 alignnone wp-image-31 size-medium\" src=\"http:\/\/fevcondominios.com.br\/wp-content\/uploads\/2022\/12\/224_0_450_450_typing-on-laptop-closeup-3-1024x576.jpg\" alt=\"\" width=\"450\" height=\"450\" srcset=\"https:\/\/fevcondominios.com.br\/wp-content\/uploads\/2022\/12\/224_0_450_450_typing-on-laptop-closeup-3-1024x576.jpg 450w, https:\/\/fevcondominios.com.br\/wp-content\/uploads\/2022\/12\/typing-on-laptop-closeup-3-150x150.jpg 150w\" sizes=\"(max-width: 450px) 100vw, 450px\" \/><\/p>\n<\/div>\n<\/div>\n<\/div>\n<\/div>\n<div class=\"boldgrid-section\" data-bg-overlaycolor=\"rgba(0,0,0,0.5)\" data-image-url=\"https:\/\/fevcondominios.com.br\/wp-content\/themes\/crio\/images\/city-view-night.jpg\" style=\"color: #fff; background-position: 50% 50%; background-size: cover; background-image: linear-gradient(to left, rgba(0,0,0,0.5), rgba(0,0,0,0.5)), url('https:\/\/fevcondominios.com.br\/wp-content\/themes\/crio\/images\/city-view-night.jpg');\">\n<div class=\"container\">\n<div class=\"row row-spacing-lg-top\">\n<div class=\"col-md-12 col-sm-12 col-xs-12 col-lg-12\">\n<h2 class=\"\" style=\"color: #fff; margin-top: 0;\">Services<\/h2>\n<div class=\"row bg-editor-hr-wrap\">\n<div class=\"col-md-12 col-xs-12 col-sm-12 col-lg-12\">\n<div><\/div>\n<\/div>\n<\/div>\n<\/div>\n<\/div>\n<div class=\"row row-spacing-lg-bottom\" style=\"padding-bottom: 114px; padding-top: 8px;\">\n<div class=\"col-md-12 col-sm-12 col-xs-12 col-lg-12\">\n<div class=\"row\">\n<div class=\"col-md-4 col-sm-12 col-xs-12 col-lg-4\">\n<div class=\"text-center color2-background-alpha\">\n<h4 class=\"color1-background-color\" style=\"border-width: 0px; color: #ffffff;\">Gest\u00e3o Financeira<\/h4>\n<p>\uf050 Gest\u00e3o de contratos<\/p>\n<p>\uf050 An\u00e1lise e elabora\u00e7\u00e3o de previs\u00e3o or\u00e7ament\u00e1ria, visando sempre a economia<\/p>\n<p>\uf050 Buscar otimiza\u00e7\u00e3o de gastos, controle financeiro, resultando em gest\u00e3o mais eficiente.<\/p>\n<p>&nbsp;<\/p>\n<h4 class=\"color1-background-color\" style=\"border-width: 0px; color: #ffffff;\">Seguro de Responsabilidade Civil<\/h4>\n<p>Seguro de responsabilidade civil tr\u00e1s mais tranquilidade aos cond\u00f4minos.<\/p>\n<p>Valor da ap\u00f3lice R$500.000,00<\/p>\n<\/div>\n<\/div>\n<div class=\"col-md-4 col-sm-12 col-xs-12 col-lg-4\">\n<div class=\"text-center color2-background-alpha bg-img bg-img-3\">\n<h4 class=\"color1-background-color color4-color\" style=\"border-width: 0px;\">Gest\u00e3o de Comunica\u00e7\u00e3o<\/h4>\n<p>\uf050&nbsp; Enquetes<\/p>\n<p>\uf050 Comunicados claros e objetivos<\/p>\n<p>\uf050 Dispon\u00edvel para ouvir opini\u00f5es<\/p>\n<p>\uf050 Caf\u00e9 com s\u00edndico<\/p>\n<p>&nbsp;<\/p>\n<\/div>\n<\/div>\n<div class=\"col-md-4 col-sm-12 col-xs-12 col-lg-4\">\n<div class=\"text-center color2-background-alpha bg-img bg-img-3\">\n<h4 class=\"color1-background-color color4-color\" style=\"border-width: 0px;\">Gest\u00e3o de pessoas&nbsp;<\/h4>\n<p>\uf050 Treinamento com a equipe<\/p>\n<p>\uf050 Elabora\u00e7\u00e3o e acompanhamento de<\/p>\n<p>cronograma de atividades.<\/p>\n<p>\uf050 Bom relacionamento interpessoal com<\/p>\n<p>colaboradores.<\/p>\n<h4 class=\"color1-background-color color4-color\" style=\"border-width: 0px;\">Gest\u00e3o de Comunica\u00e7\u00e3o<\/h4>\n<p>\uf050 Treinamento com a equipe<\/p>\n<p>\uf050 Elabora\u00e7\u00e3o e acompanhamento de<\/p>\n<p>cronograma de atividades.<\/p>\n<p>\uf050 Bom relacionamento interpessoal com<\/p>\n<p>colaboradores.<\/p>\n<\/div>\n<\/div>\n<\/div>\n<\/div>\n<\/div>\n<\/div>\n<\/div>\n<div class=\"boldgrid-section\">\n<div class=\"container\">\n<div class=\"row row-spacing-lg-top\" style=\"padding-top: 96px;\">\n<div class=\"col-md-12 col-sm-12 col-xs-12 col-lg-12\">\n<h2 class=\"\" style=\"margin-top: 0;\">F\u00e1bio Fernandes<\/h2>\n<div class=\"row bg-editor-hr-wrap\">\n<div class=\"col-md-12 col-xs-12 col-sm-12 col-lg-12\">\n<div>\n<hr class=\"bg-hr color1-color bg-hr-15\" style=\"width: 50px; margin: 0px 80px 40px 0px; border-radius: 100px;\">\n<\/div>\n<\/div>\n<\/div>\n<\/div>\n<\/div>\n<div class=\"row row-spacing-lg-bottom\">\n<h4>&nbsp;<\/h4>\n<div class=\"col-md-6 col-sm-7 col-xs-12 col-lg-12\">\n<h3 class=\"\" style=\"margin-top: 0;\">Apresenta\u00e7\u00e3o<\/h3>\n<p>&nbsp;<\/p>\n<p>&nbsp;&nbsp;&nbsp; Desempenhando a fun\u00e7\u00e3o de s\u00edndico profissional, tem como objetivo implantar uma gest\u00e3o \u00e9tica.<\/p>\n<p>&nbsp;&nbsp;&nbsp; Oferecemos aos nossos clientes uma gest\u00e3o de parceria e eficiente.<\/p>\n<p class=\"\">&nbsp;&nbsp;&nbsp;&nbsp; Nosso diferencial est\u00e1 na habilidade de gerenciar condom\u00ednios com empatia.<\/p>\n<p class=\"\">&nbsp;&nbsp;&nbsp; Com foco na participa\u00e7\u00e3o dos moradores, buscando transformar o condom\u00ednio em um ambiente de bom conv\u00edvio entre os cond\u00f4minos.<\/p>\n<p class=\"\">&nbsp;<\/p>\n<p>&nbsp;<\/p>\n<\/div>\n<\/div>\n<\/div>\n<\/div>\n","protected":false},"excerpt":{"rendered":"<p>Gest\u00e3o Empenhada Em&nbsp; Produzir Resultados&nbsp; Saiba Mais A import\u00e2ncia do s\u00edndico N\u00f3s sabemos que o papel do s\u00edndico \u00e9 muito, muito importante e nem sempre t\u00e3o valorizado. Por isso trabalhamos<\/p>\n<div class=\"read-more\"><a class=\"btn button-secondary\" href=\"https:\/\/fevcondominios.com.br\/\">Read More<\/a><\/div>\n","protected":false},"author":1,"featured_media":0,"parent":0,"menu_order":0,"comment_status":"closed","ping_status":"closed","template":"","meta":{"bgseo_title":"","bgseo_description":"","bgseo_robots_index":"index","bgseo_robots_follow":"follow"},"_links":{"self":[{"href":"https:\/\/fevcondominios.com.br\/index.php\/wp-json\/wp\/v2\/pages\/43"}],"collection":[{"href":"https:\/\/fevcondominios.com.br\/index.php\/wp-json\/wp\/v2\/pages"}],"about":[{"href":"https:\/\/fevcondominios.com.br\/index.php\/wp-json\/wp\/v2\/types\/page"}],"author":[{"embeddable":true,"href":"https:\/\/fevcondominios.com.br\/index.php\/wp-json\/wp\/v2\/users\/1"}],"replies":[{"embeddable":true,"href":"https:\/\/fevcondominios.com.br\/index.php\/wp-json\/wp\/v2\/comments?post=43"}],"version-history":[{"count":13,"href":"https:\/\/fevcondominios.com.br\/index.php\/wp-json\/wp\/v2\/pages\/43\/revisions"}],"predecessor-version":[{"id":93,"href":"https:\/\/fevcondominios.com.br\/index.php\/wp-json\/wp\/v2\/pages\/43\/revisions\/93"}],"wp:attachment":[{"href":"https:\/\/fevcondominios.com.br\/index.php\/wp-json\/wp\/v2\/media?parent=43"}],"curies":[{"name":"wp","href":"https:\/\/api.w.org\/{rel}","templated":true}]}}